{"id":20,"date":"2022-12-31T10:42:54","date_gmt":"2022-12-31T09:42:54","guid":{"rendered":"https:\/\/anciens-armons.be\/wordpress\/?page_id=20"},"modified":"2022-12-31T11:18:24","modified_gmt":"2022-12-31T10:18:24","slug":"nos-actions","status":"publish","type":"page","link":"https:\/\/anciens-armons.be\/wordpress\/nos-actions\/","title":{"rendered":"Nos actions"},"content":{"rendered":"\n<p>Voici les principales actions habituelles men\u00e9es par l&rsquo;Union.<\/p>\n\n\n\n<h3 class=\"wp-block-heading\"><a href=\"..\/service-social\/\">Le service social Georges Scheppers<\/a><\/h3>\n\n\n\n<p>Chaque ann\u00e9e, une somme inscrite au budget est consacr\u00e9e \u00e0 l&rsquo;aide sociale. Une commission d\u00e9cide de la forme que doit prendre cette action, sur les propositions introduites par le chef d&rsquo;\u00e9tablissement qui est le mieux \u00e0 m\u00eame de conna\u00eetre les cas les plus critiques.<\/p>\n\n\n\n<h3 class=\"wp-block-heading\"><a href=\"..\/interventions\/\">Interventions &#8211; Aides mat\u00e9rielles<\/a><\/h3>\n\n\n\n<p>L&rsquo;Union \u00e9tudie les demandes qui lui sont adress\u00e9es pour autant que son intervention concerne du mat\u00e9riel durable qui puisse profiter au plus grand nombre d\u2019\u00e9l\u00e8ves de l&rsquo;\u00e9tablissement.<\/p>\n\n\n\n<h3 class=\"wp-block-heading\"><a href=\"..\/prix-annuels\/\">Les prix de fin d&rsquo;ann\u00e9e<\/a><\/h3>\n\n\n\n<p>L&rsquo;Union assure la dotation financi\u00e8re d&rsquo;un certain nombre de prix, en m\u00e9moire d&rsquo;anciens professeurs ou \u00e9l\u00e8ves qui se sont distingu\u00e9s dans des circonstances diverses ou qui ont souhait\u00e9 cr\u00e9er un prix sp\u00e9cial.<\/p>\n\n\n\n<p>Chaque ann\u00e9e, ces prix sont remis aux laur\u00e9ats ou aux \u00e9l\u00e8ves m\u00e9ritants, d\u00e9sign\u00e9s par l&rsquo;\u00e9tablissement, par les repr\u00e9sentants de l&rsquo;Union, lors de la proclamation des prix sp\u00e9ciaux en juin.<\/p>\n","protected":false},"excerpt":{"rendered":"<p>Voici les principales actions habituelles men\u00e9es par l&rsquo;Union. Le service social Georges Scheppers Chaque ann\u00e9e, une somme inscrite au budget est consacr\u00e9e \u00e0 l&rsquo;aide sociale. Une commission d\u00e9cide de la forme que doit prendre cette action, sur les propositions introduites par le chef d&rsquo;\u00e9tablissement qui est le mieux \u00e0 m\u00eame de conna\u00eetre les cas les [&hellip;]<\/p>\n","protected":false},"author":1,"featured_media":0,"parent":0,"menu_order":0,"comment_status":"closed","ping_status":"closed","template":"","meta":{"footnotes":""},"class_list":["post-20","page","type-page","status-publish","hentry"],"_links":{"self":[{"href":"https:\/\/anciens-armons.be\/wordpress\/wp-json\/wp\/v2\/pages\/20","targetHints":{"allow":["GET"]}}],"collection":[{"href":"https:\/\/anciens-armons.be\/wordpress\/wp-json\/wp\/v2\/pages"}],"about":[{"href":"https:\/\/anciens-armons.be\/wordpress\/wp-json\/wp\/v2\/types\/page"}],"author":[{"embeddable":true,"href":"https:\/\/anciens-armons.be\/wordpress\/wp-json\/wp\/v2\/users\/1"}],"replies":[{"embeddable":true,"href":"https:\/\/anciens-armons.be\/wordpress\/wp-json\/wp\/v2\/comments?post=20"}],"version-history":[{"count":4,"href":"https:\/\/anciens-armons.be\/wordpress\/wp-json\/wp\/v2\/pages\/20\/revisions"}],"predecessor-version":[{"id":55,"href":"https:\/\/anciens-armons.be\/wordpress\/wp-json\/wp\/v2\/pages\/20\/revisions\/55"}],"wp:attachment":[{"href":"https:\/\/anciens-armons.be\/wordpress\/wp-json\/wp\/v2\/media?parent=20"}],"curies":[{"name":"wp","href":"https:\/\/api.w.org\/{rel}","templated":true}]}}