{"id":30,"date":"2022-12-31T10:47:54","date_gmt":"2022-12-31T09:47:54","guid":{"rendered":"https:\/\/anciens-armons.be\/wordpress\/?page_id=30"},"modified":"2022-12-31T11:22:51","modified_gmt":"2022-12-31T10:22:51","slug":"souvenirs","status":"publish","type":"page","link":"https:\/\/anciens-armons.be\/wordpress\/souvenirs\/","title":{"rendered":"Souvenirs"},"content":{"rendered":"\n<p>Cette page rassemble une liste non exhaustive de souvenirs li\u00e9s \u00e0 l&rsquo;Ath\u00e9n\u00e9e :<\/p>\n\n\n\n<ul class=\"wp-block-list\">\n<li><a href=\"..\/ancien-preau\/\">L&rsquo;ancien pr\u00e9au<\/a><\/li>\n\n\n\n<li><a href=\"..\/projet-piscine\/\">Un projet de piscine<\/a><\/li>\n\n\n\n<li><a href=\"..\/memorial\/\">Le m\u00e9morial<\/a><\/li>\n\n\n\n<li><a href=\"..\/ecole-moyenne\/\">L&rsquo;\u00e9cole moyenne<\/a><\/li>\n\n\n\n<li><a href=\"..\/athenee-actuel\/\">L&rsquo;ath\u00e9n\u00e9e actuel<\/a><\/li>\n<\/ul>\n","protected":false},"excerpt":{"rendered":"<p>Cette page rassemble une liste non exhaustive de souvenirs li\u00e9s \u00e0 l&rsquo;Ath\u00e9n\u00e9e :<\/p>\n","protected":false},"author":1,"featured_media":0,"parent":0,"menu_order":0,"comment_status":"closed","ping_status":"closed","template":"","meta":{"footnotes":""},"class_list":["post-30","page","type-page","status-publish","hentry"],"_links":{"self":[{"href":"https:\/\/anciens-armons.be\/wordpress\/wp-json\/wp\/v2\/pages\/30","targetHints":{"allow":["GET"]}}],"collection":[{"href":"https:\/\/anciens-armons.be\/wordpress\/wp-json\/wp\/v2\/pages"}],"about":[{"href":"https:\/\/anciens-armons.be\/wordpress\/wp-json\/wp\/v2\/types\/page"}],"author":[{"embeddable":true,"href":"https:\/\/anciens-armons.be\/wordpress\/wp-json\/wp\/v2\/users\/1"}],"replies":[{"embeddable":true,"href":"https:\/\/anciens-armons.be\/wordpress\/wp-json\/wp\/v2\/comments?post=30"}],"version-history":[{"count":2,"href":"https:\/\/anciens-armons.be\/wordpress\/wp-json\/wp\/v2\/pages\/30\/revisions"}],"predecessor-version":[{"id":62,"href":"https:\/\/anciens-armons.be\/wordpress\/wp-json\/wp\/v2\/pages\/30\/revisions\/62"}],"wp:attachment":[{"href":"https:\/\/anciens-armons.be\/wordpress\/wp-json\/wp\/v2\/media?parent=30"}],"curies":[{"name":"wp","href":"https:\/\/api.w.org\/{rel}","templated":true}]}}