{"id":512,"date":"2025-04-05T23:55:06","date_gmt":"2025-04-05T21:55:06","guid":{"rendered":"https:\/\/anciens-armons.be\/wordpress\/?page_id=512"},"modified":"2025-04-16T23:38:12","modified_gmt":"2025-04-16T21:38:12","slug":"connexion","status":"publish","type":"page","link":"https:\/\/anciens-armons.be\/wordpress\/connexion\/","title":{"rendered":"Connexion"},"content":{"rendered":"\n\n\n\n<iframe src=\"https:\/\/anciens-armons.be\/login\" width=\"600\" height=\"300\"><\/iframe>\n\n\n\n<p>L&rsquo;acc\u00e8s \u00e0 l&rsquo;espace membre n\u00e9cessite une <strong>authentification<\/strong> en mentionnant une <strong>adresse E-mail personnelle<\/strong> et un <strong>mot de passe sp\u00e9cifique<\/strong> initialis\u00e9 ant\u00e9rieurement.<\/p>\n\n\n\n<p><em>Si vous ne connaissez pas le mot de passe, pr\u00e9cisez uniquement votre adresse E-mail personnelle. Vous serez d\u00e9vi\u00e9 vers des <strong>processus permettant de (r\u00e9)initialiser le mot de passe ou de nous communiquer votre adresse E-mail personnelle<\/strong>.<\/em><\/p>\n\n\n\n<div class=\"wp-block-buttons is-layout-flex wp-block-buttons-is-layout-flex\">\n<div class=\"wp-block-button\"><a class=\"wp-block-button__link wp-element-button\" href=\".\/conditions-acces\">Conditions d&rsquo;acc\u00e8s<\/a><\/div>\n<\/div>\n\n\n\n<p><\/p>\n\n\n\n<p><\/p>\n\n\n\n<p><\/p>\n\n\n\n<p><\/p>\n","protected":false},"excerpt":{"rendered":"<p>L&rsquo;acc\u00e8s \u00e0 l&rsquo;espace membre n\u00e9cessite une authentification en mentionnant une adresse E-mail personnelle et un mot de passe sp\u00e9cifique initialis\u00e9 ant\u00e9rieurement. Si vous ne connaissez pas le mot de passe, pr\u00e9cisez uniquement votre adresse E-mail personnelle. Vous serez d\u00e9vi\u00e9 vers des processus permettant de (r\u00e9)initialiser le mot de passe ou de nous communiquer votre adresse [&hellip;]<\/p>\n","protected":false},"author":1,"featured_media":0,"parent":0,"menu_order":0,"comment_status":"closed","ping_status":"closed","template":"","meta":{"footnotes":""},"class_list":["post-512","page","type-page","status-publish","hentry"],"_links":{"self":[{"href":"https:\/\/anciens-armons.be\/wordpress\/wp-json\/wp\/v2\/pages\/512","targetHints":{"allow":["GET"]}}],"collection":[{"href":"https:\/\/anciens-armons.be\/wordpress\/wp-json\/wp\/v2\/pages"}],"about":[{"href":"https:\/\/anciens-armons.be\/wordpress\/wp-json\/wp\/v2\/types\/page"}],"author":[{"embeddable":true,"href":"https:\/\/anciens-armons.be\/wordpress\/wp-json\/wp\/v2\/users\/1"}],"replies":[{"embeddable":true,"href":"https:\/\/anciens-armons.be\/wordpress\/wp-json\/wp\/v2\/comments?post=512"}],"version-history":[{"count":31,"href":"https:\/\/anciens-armons.be\/wordpress\/wp-json\/wp\/v2\/pages\/512\/revisions"}],"predecessor-version":[{"id":672,"href":"https:\/\/anciens-armons.be\/wordpress\/wp-json\/wp\/v2\/pages\/512\/revisions\/672"}],"wp:attachment":[{"href":"https:\/\/anciens-armons.be\/wordpress\/wp-json\/wp\/v2\/media?parent=512"}],"curies":[{"name":"wp","href":"https:\/\/api.w.org\/{rel}","templated":true}]}}