{"id":69,"date":"2022-12-31T11:33:44","date_gmt":"2022-12-31T10:33:44","guid":{"rendered":"https:\/\/anciens-armons.be\/wordpress\/?page_id=69"},"modified":"2025-04-07T16:34:09","modified_gmt":"2025-04-07T14:34:09","slug":"statuts","status":"publish","type":"page","link":"https:\/\/anciens-armons.be\/wordpress\/statuts\/","title":{"rendered":"Statuts"},"content":{"rendered":"\n<p>Les statuts ont \u00e9t\u00e9 approuv\u00e9s en assembl\u00e9e g\u00e9n\u00e9rale le 8 d\u00e9cembre 2023.<\/p>\n\n\n\n<p>Publication au moniteur le 15 janvier 2024.<\/p>\n\n\n\n<p><a href=\"https:\/\/anciens-armons.be\/documents\/2023-12-08-statuts.pdf\" target=\"_blank\" rel=\"noreferrer noopener\">Consulter les statuts au format PDF<\/a><\/p>\n","protected":false},"excerpt":{"rendered":"<p>Les statuts ont \u00e9t\u00e9 approuv\u00e9s en assembl\u00e9e g\u00e9n\u00e9rale le 8 d\u00e9cembre 2023. Publication au moniteur le 15 janvier 2024. Consulter les statuts au format PDF<\/p>\n","protected":false},"author":1,"featured_media":0,"parent":0,"menu_order":0,"comment_status":"closed","ping_status":"closed","template":"","meta":{"footnotes":""},"class_list":["post-69","page","type-page","status-publish","hentry"],"_links":{"self":[{"href":"https:\/\/anciens-armons.be\/wordpress\/wp-json\/wp\/v2\/pages\/69","targetHints":{"allow":["GET"]}}],"collection":[{"href":"https:\/\/anciens-armons.be\/wordpress\/wp-json\/wp\/v2\/pages"}],"about":[{"href":"https:\/\/anciens-armons.be\/wordpress\/wp-json\/wp\/v2\/types\/page"}],"author":[{"embeddable":true,"href":"https:\/\/anciens-armons.be\/wordpress\/wp-json\/wp\/v2\/users\/1"}],"replies":[{"embeddable":true,"href":"https:\/\/anciens-armons.be\/wordpress\/wp-json\/wp\/v2\/comments?post=69"}],"version-history":[{"count":4,"href":"https:\/\/anciens-armons.be\/wordpress\/wp-json\/wp\/v2\/pages\/69\/revisions"}],"predecessor-version":[{"id":562,"href":"https:\/\/anciens-armons.be\/wordpress\/wp-json\/wp\/v2\/pages\/69\/revisions\/562"}],"wp:attachment":[{"href":"https:\/\/anciens-armons.be\/wordpress\/wp-json\/wp\/v2\/media?parent=69"}],"curies":[{"name":"wp","href":"https:\/\/api.w.org\/{rel}","templated":true}]}}