{"id":692,"date":"2025-04-25T17:24:06","date_gmt":"2025-04-25T15:24:06","guid":{"rendered":"https:\/\/anciens-armons.be\/wordpress\/?page_id=692"},"modified":"2025-04-28T20:22:44","modified_gmt":"2025-04-28T18:22:44","slug":"meeting","status":"publish","type":"page","link":"https:\/\/anciens-armons.be\/wordpress\/meeting\/","title":{"rendered":"Salle de r\u00e9union virtuelle"},"content":{"rendered":"\n<p>La salle de r\u00e9union virtuelle est une <strong>application de vid\u00e9o-conf\u00e9rence<\/strong> (meeting JITSI)<\/p>\n\n\n\n<ul class=\"wp-block-list\">\n<li>fonctionnant \u00e0 travers une fen\u00eatre de navigation,<\/li>\n\n\n\n<li>ne n\u00e9cessitant pas l&rsquo;installation d&rsquo;un logiciel sp\u00e9cifique sur PC.<\/li>\n<\/ul>\n\n\n\n<p>Votre ordinateur doit \u00eatre \u00e9quip\u00e9 d&rsquo;une <strong>webcam<\/strong>, d&rsquo;un <strong>micro<\/strong> et de <strong>hauts-parleurs<\/strong>.<\/p>\n\n\n\n<p>Pour rejoindre la salle de r\u00e9union (\u00ab\u00a0Join Meeting\u00a0\u00bb), il sera n\u00e9cessaire de <strong>pr\u00e9ciser un pr\u00e9nom<\/strong> (ou nom) avant de cliquer sur le bouton bleu. N&rsquo;oubliez pas d&rsquo;autoriser l&rsquo;acc\u00e8s \u00e0 votre micro et votre webcam (pas obligatoire) pour \u00eatre entendu et vu, une fois rentr\u00e9 dans la salle de r\u00e9union.<\/p>\n\n\n\n<p>Cliquer sur le lien suivant pour ouvrir la fen\u00eatre de navigation permettant de rejoindre la <em>salle de r\u00e9union <strong>anciens-armons<\/strong><\/em>:<\/p>\n\n\n\n<h3 class=\"wp-block-heading\"><a href=\"https:\/\/meet.jit.si\/anciens-armons\" target=\"_blank\" rel=\"noreferrer noopener\">https:\/\/meet.jit.si\/anciens-armons<\/a><\/h3>\n\n\n\n<p><em>Remarque: Vous pouvez aussi utiliser un smartphone ou une tablette pour acc\u00e9der \u00e0 la salle de r\u00e9union, soit en installant une application cliente, soit en utilisant le navigateur (browser) embarqu\u00e9.<\/em><\/p>\n\n\n\n<p><\/p>\n\n\n\n<p><\/p>\n","protected":false},"excerpt":{"rendered":"<p>La salle de r\u00e9union virtuelle est une application de vid\u00e9o-conf\u00e9rence (meeting JITSI) Votre ordinateur doit \u00eatre \u00e9quip\u00e9 d&rsquo;une webcam, d&rsquo;un micro et de hauts-parleurs. Pour rejoindre la salle de r\u00e9union (\u00ab\u00a0Join Meeting\u00a0\u00bb), il sera n\u00e9cessaire de pr\u00e9ciser un pr\u00e9nom (ou nom) avant de cliquer sur le bouton bleu. N&rsquo;oubliez pas d&rsquo;autoriser l&rsquo;acc\u00e8s \u00e0 votre micro [&hellip;]<\/p>\n","protected":false},"author":1,"featured_media":0,"parent":0,"menu_order":0,"comment_status":"closed","ping_status":"closed","template":"","meta":{"footnotes":""},"class_list":["post-692","page","type-page","status-publish","hentry"],"_links":{"self":[{"href":"https:\/\/anciens-armons.be\/wordpress\/wp-json\/wp\/v2\/pages\/692","targetHints":{"allow":["GET"]}}],"collection":[{"href":"https:\/\/anciens-armons.be\/wordpress\/wp-json\/wp\/v2\/pages"}],"about":[{"href":"https:\/\/anciens-armons.be\/wordpress\/wp-json\/wp\/v2\/types\/page"}],"author":[{"embeddable":true,"href":"https:\/\/anciens-armons.be\/wordpress\/wp-json\/wp\/v2\/users\/1"}],"replies":[{"embeddable":true,"href":"https:\/\/anciens-armons.be\/wordpress\/wp-json\/wp\/v2\/comments?post=692"}],"version-history":[{"count":9,"href":"https:\/\/anciens-armons.be\/wordpress\/wp-json\/wp\/v2\/pages\/692\/revisions"}],"predecessor-version":[{"id":730,"href":"https:\/\/anciens-armons.be\/wordpress\/wp-json\/wp\/v2\/pages\/692\/revisions\/730"}],"wp:attachment":[{"href":"https:\/\/anciens-armons.be\/wordpress\/wp-json\/wp\/v2\/media?parent=692"}],"curies":[{"name":"wp","href":"https:\/\/api.w.org\/{rel}","templated":true}]}}