{"id":8,"date":"2022-12-30T11:12:58","date_gmt":"2022-12-30T10:12:58","guid":{"rendered":"https:\/\/anciens-armons.be\/wordpress\/?page_id=8"},"modified":"2022-12-30T11:12:58","modified_gmt":"2022-12-30T10:12:58","slug":"presentation","status":"publish","type":"page","link":"https:\/\/anciens-armons.be\/wordpress\/presentation\/","title":{"rendered":"Pr\u00e9sentation"},"content":{"rendered":"\n<p>Le titre officiel de l&rsquo;association est <strong>Union des Anciens El\u00e8ves de l&rsquo;Ath\u00e9n\u00e9e royal de Mons et de l&rsquo;Ecole moyenne de l&rsquo;Etat pour Gar\u00e7ons \u00e0 Mons<\/strong>.<\/p>\n\n\n\n<p>L&rsquo;Union est une association plus que centenaire puisqu&rsquo;elle a \u00e9t\u00e9 cr\u00e9\u00e9e en 1889, \u00e0 l&rsquo;initiative de Henry Sainctelette, \u00e0 l&rsquo;\u00e9poque Bourgmestre de Mons.<\/p>\n\n\n\n<p>L&rsquo;Union r\u00e9unit de tr\u00e8s nombreux anciens \u00e9l\u00e8ves.<\/p>\n\n\n\n<figure class=\"wp-block-table\"><table><tbody><tr><td>Forme juridique<\/td><td>ASBL<\/td><\/tr><tr><td>N\u00b0 d&rsquo;entreprise<\/td><td>410294459<\/td><\/tr><tr><td>Si\u00e8ge social<\/td><td>Rue de l&rsquo;Ath\u00e9n\u00e9e, 4 \u00e0 7000 Mons<\/td><\/tr><\/tbody><\/table><\/figure>\n\n\n\n<p>Toutes les responsabilit\u00e9s de l&rsquo;Union sont assum\u00e9es \u00e0 titre gracieux par les administrateurs et les responsables.<\/p>\n","protected":false},"excerpt":{"rendered":"<p>Le titre officiel de l&rsquo;association est Union des Anciens El\u00e8ves de l&rsquo;Ath\u00e9n\u00e9e royal de Mons et de l&rsquo;Ecole moyenne de l&rsquo;Etat pour Gar\u00e7ons \u00e0 Mons. L&rsquo;Union est une association plus que centenaire puisqu&rsquo;elle a \u00e9t\u00e9 cr\u00e9\u00e9e en 1889, \u00e0 l&rsquo;initiative de Henry Sainctelette, \u00e0 l&rsquo;\u00e9poque Bourgmestre de Mons. L&rsquo;Union r\u00e9unit de tr\u00e8s nombreux anciens \u00e9l\u00e8ves. [&hellip;]<\/p>\n","protected":false},"author":1,"featured_media":0,"parent":0,"menu_order":0,"comment_status":"closed","ping_status":"closed","template":"","meta":{"footnotes":""},"class_list":["post-8","page","type-page","status-publish","hentry"],"_links":{"self":[{"href":"https:\/\/anciens-armons.be\/wordpress\/wp-json\/wp\/v2\/pages\/8","targetHints":{"allow":["GET"]}}],"collection":[{"href":"https:\/\/anciens-armons.be\/wordpress\/wp-json\/wp\/v2\/pages"}],"about":[{"href":"https:\/\/anciens-armons.be\/wordpress\/wp-json\/wp\/v2\/types\/page"}],"author":[{"embeddable":true,"href":"https:\/\/anciens-armons.be\/wordpress\/wp-json\/wp\/v2\/users\/1"}],"replies":[{"embeddable":true,"href":"https:\/\/anciens-armons.be\/wordpress\/wp-json\/wp\/v2\/comments?post=8"}],"version-history":[{"count":1,"href":"https:\/\/anciens-armons.be\/wordpress\/wp-json\/wp\/v2\/pages\/8\/revisions"}],"predecessor-version":[{"id":9,"href":"https:\/\/anciens-armons.be\/wordpress\/wp-json\/wp\/v2\/pages\/8\/revisions\/9"}],"wp:attachment":[{"href":"https:\/\/anciens-armons.be\/wordpress\/wp-json\/wp\/v2\/media?parent=8"}],"curies":[{"name":"wp","href":"https:\/\/api.w.org\/{rel}","templated":true}]}}